{"id":4229,"date":"2019-07-18T18:49:13","date_gmt":"2019-07-18T15:49:13","guid":{"rendered":"https:\/\/glyfabeachvillas.com\/?page_id=4229"},"modified":"2020-04-02T10:53:16","modified_gmt":"2020-04-02T07:53:16","slug":"breve-cornice-storica-e-cronologica","status":"publish","type":"page","link":"https:\/\/glyfabeachvillas.com\/it\/breve-cornice-storica-e-cronologica\/","title":{"rendered":"Breve cornice storica e cronologica"},"content":{"rendered":"<div  class=\"tatsu-fqoz10ibeu98fm0n tatsu-section  filox_section_padding  tatsu-clearfix\" data-title=\"\"  data-headerscheme=\"background--dark\"><div class='tatsu-section-pad clearfix' data-padding='{\"d\":\"0px 0px 0px 0px\"}' data-padding-top='0px'><div class=\"tatsu-row-wrap  tatsu-wrap tatsu-row-has-one-half tatsu-row-has-two-cols tatsu-medium-gutter tatsu-reg-cols  tatsu-clearfix tatsu-fqoz10ibr47vse99\" ><div  class=\"tatsu-row \" ><div  class=\"tatsu-column  tatsu-column-no-bg tatsu-one-half tatsu-column-image-none tatsu-column-effect-none  tatsu-fqoz10ibrrbi6nan\"  data-parallax-speed=\"0\" style=\"\"><div class=\"tatsu-column-inner \" ><div class=\"tatsu-column-pad-wrap\"><div class=\"tatsu-column-pad\" ><div  class=\"tatsu-module tatsu-text-block-wrap tatsu-Syp2igIbr  \"><div class=\"tatsu-text-inner tatsu-align-center  clearfix\" ><style>.tatsu-Syp2igIbr.tatsu-text-block-wrap .tatsu-text-inner{width: 100%;text-align: left;}<\/style>\n<ul>\n<li><strong>Corkyra<\/strong>: la figlia del dio fluviale Assopus. Dio del mare Poseidone si innamor\u00f2 di lei, l\u2019ha rapita e la port\u00f2 su quest\u2019isola, dandole il suo nome.<\/li>\n<li><strong>Feakas<\/strong>: figlio di Poseidone e Corkyra, da cui deriva il nome \u201cl\u2019isola di Feakes\u201d.<\/li>\n<li><strong>Drepani<\/strong>: \u201cfalce\u201d, il nome dato a Corf\u00f9, nei tempi antichi, per la sua forma.<\/li>\n<\/ul>\n<\/div><\/div><\/div><\/div><div class = \"tatsu-column-bg-image-wrap\"><div class = \"tatsu-column-bg-image\" ><\/div><\/div><\/div><style>.tatsu-row > .tatsu-fqoz10ibrrbi6nan.tatsu-column{width: 50%;}.tatsu-fqoz10ibrrbi6nan.tatsu-column > .tatsu-column-inner > .tatsu-column-overlay{mix-blend-mode: none;}.tatsu-fqoz10ibrrbi6nan > .tatsu-column-inner > .tatsu-top-divider{z-index: 9999;}.tatsu-fqoz10ibrrbi6nan > .tatsu-column-inner > .tatsu-bottom-divider{z-index: 9999;}.tatsu-fqoz10ibrrbi6nan > .tatsu-column-inner > .tatsu-left-divider{z-index: 9999;}.tatsu-fqoz10ibrrbi6nan > .tatsu-column-inner > .tatsu-right-divider{z-index: 9999;}@media only screen and (max-width: 767px) {.tatsu-row > .tatsu-fqoz10ibrrbi6nan.tatsu-column{width: 100%;}}<\/style><\/div><div  class=\"tatsu-column  tatsu-column-no-bg tatsu-one-half tatsu-column-image-none tatsu-column-effect-none  tatsu-fqoz10ibxkexrxo4\"  data-parallax-speed=\"0\" style=\"\"><div class=\"tatsu-column-inner \" ><div class=\"tatsu-column-pad-wrap\"><div class=\"tatsu-column-pad\" ><div  class=\"tatsu-module tatsu-text-block-wrap tatsu-HJRhCgLWS  \"><div class=\"tatsu-text-inner tatsu-align-center  clearfix\" ><style>.tatsu-HJRhCgLWS.tatsu-text-block-wrap .tatsu-text-inner{width: 100%;text-align: left;}<\/style>\n<ul>\n<li><strong>Sheria<\/strong>: \u2018isola omerica abitata dai Feakes.<\/li>\n<li><strong>Corfu<\/strong>: deriva da \u201ccorypho\u201d (picchi), nome dato alla citt\u00e0 fortificata (fortezza vecchia) che si trova su due cime.<\/li>\n<\/ul>\n<\/div><\/div><\/div><\/div><div class = \"tatsu-column-bg-image-wrap\"><div class = \"tatsu-column-bg-image\" ><\/div><\/div><\/div><style>.tatsu-row > .tatsu-fqoz10ibxkexrxo4.tatsu-column{width: 50%;}.tatsu-fqoz10ibxkexrxo4.tatsu-column > .tatsu-column-inner > .tatsu-column-overlay{mix-blend-mode: none;}.tatsu-fqoz10ibxkexrxo4 > .tatsu-column-inner > .tatsu-top-divider{z-index: 9999;}.tatsu-fqoz10ibxkexrxo4 > .tatsu-column-inner > .tatsu-bottom-divider{z-index: 9999;}.tatsu-fqoz10ibxkexrxo4 > .tatsu-column-inner > .tatsu-left-divider{z-index: 9999;}.tatsu-fqoz10ibxkexrxo4 > .tatsu-column-inner > .tatsu-right-divider{z-index: 9999;}@media only screen and (max-width: 767px) {.tatsu-row > .tatsu-fqoz10ibxkexrxo4.tatsu-column{width: 100%;}}<\/style><\/div><\/div><\/div><\/div><div class=\"tatsu-section-background-wrap\"><div class = \"tatsu-section-background\" ><\/div><\/div><style>.tatsu-fqoz10ibeu98fm0n > .tatsu-bottom-divider{z-index: 9999;}.tatsu-fqoz10ibeu98fm0n > .tatsu-top-divider{z-index: 9999;}<\/style><\/div><div  class=\"tatsu-SJZP0gzA-H tatsu-section  tatsu-bg-overlay   tatsu-clearfix\" data-title=\"\"  data-headerscheme=\"background--dark\"><div class='tatsu-section-pad clearfix' data-padding='{\"d\":\"0px 0px 50px 0px\"}' data-padding-top='0px'><div class=\"tatsu-row-wrap  tatsu-wrap tatsu-row-has-one-half tatsu-row-has-two-cols tatsu-medium-gutter tatsu-reg-cols  tatsu-clearfix tatsu-SyxD0xfAWH\" ><div  class=\"tatsu-row \" ><div  class=\"tatsu-column  tatsu-bg-overlay tatsu-one-half tatsu-column-image-none tatsu-column-effect-none  tatsu-H1K0ef0ZH\"  data-parallax-speed=\"0\" style=\"\"><div class=\"tatsu-column-inner \" ><div class=\"tatsu-column-pad-wrap\"><div class=\"tatsu-column-pad\" ><div  class=\"tatsu-single-image tatsu-module tatsu-image-lazyload tatsu-external-image tatsu-SkUVbzA-S  \" ><div class=\"tatsu-single-image-inner \" style=\"\" ><div class = \"tatsu-single-image-padding-wrap\" style = \"\" ><\/div><img class = \"tatsu-gradient-border\" data-src = \"https:\/\/glyfabeachvillas.com\/web-assets\/uploads\/2019\/07\/beach-seafront-villas-pool-barbati-corfu-old-fortress.jpg\" alt =\" \"  src =\"data:image\/png;base64,iVBORw0KGgoAAAANSUhEUgAAAAEAAAABCAQAAAC1HAwCAAAAC0lEQVR42mNkYAAAAAYAAjCB0C8AAAAASUVORK5CYII=\"  \/><\/div><style>.tatsu-SkUVbzA-S .tatsu-single-image-inner{border-style: solid;max-width: 100%;}.tatsu-SkUVbzA-S.tatsu-single-image{transform: translate3d(0px,0px, 0);}<\/style><\/div><\/div><\/div><div class = \"tatsu-column-bg-image-wrap\"><div class = \"tatsu-column-bg-image\" ><\/div><\/div><div class=\"tatsu-overlay tatsu-column-overlay tatsu-animate-none\" ><\/div><\/div><style>.tatsu-row > .tatsu-H1K0ef0ZH.tatsu-column{width: 50%;}.tatsu-H1K0ef0ZH.tatsu-column > .tatsu-column-inner > .tatsu-column-overlay{mix-blend-mode: normal;}.tatsu-H1K0ef0ZH > .tatsu-column-inner > .tatsu-top-divider{z-index: 9999;}.tatsu-H1K0ef0ZH > .tatsu-column-inner > .tatsu-bottom-divider{z-index: 9999;}.tatsu-H1K0ef0ZH > .tatsu-column-inner > .tatsu-left-divider{z-index: 9999;}.tatsu-H1K0ef0ZH > .tatsu-column-inner > .tatsu-right-divider{z-index: 9999;}@media only screen and (max-width:1377px) {.tatsu-row > .tatsu-H1K0ef0ZH.tatsu-column{width: 50%;}}@media only screen and (min-width:768px) and (max-width: 1024px) {.tatsu-row > .tatsu-H1K0ef0ZH.tatsu-column{width: 50%;}}@media only screen and (max-width: 767px) {.tatsu-row > .tatsu-H1K0ef0ZH.tatsu-column{width: 100%;}}<\/style><\/div><div  class=\"tatsu-column  tatsu-bg-overlay tatsu-one-half tatsu-column-image-none tatsu-column-effect-none  tatsu-H1eFAxMRWH\"  data-parallax-speed=\"0\" style=\"\"><div class=\"tatsu-column-inner \" ><div class=\"tatsu-column-pad-wrap\"><div class=\"tatsu-column-pad\" ><div  class=\"tatsu-module tatsu-text-block-wrap tatsu-BJQHbM0-B  \"><div class=\"tatsu-text-inner tatsu-align-center  clearfix\" ><style>.tatsu-BJQHbM0-B.tatsu-text-block-wrap .tatsu-text-inner{width: 100%;text-align: left;}<\/style>\n<p>Sin dai tempi antichi Corf\u00f9 \u00e8 stata conosciuta come un luogo di bellezza, cultura e ospitalit\u00e0.<br \/>\nGiasone e gli Argonauti, con il vello d\u2019oro, hanno trovato rifugio a Corf\u00f9.<br \/>\nE \u2018stato a Corf\u00f9 che Giasone si sposo\u2019 con Medea.<br \/>\nNell\u2019 \u201cOdissea\u201d, di Omero, Ulisse viene portato a Corf\u00f9 esausto. Viene trovato da Nafsica, la figlia del re dell\u2019isola, il re Alcinoo. Egli ha offerto ospitalit\u00e0 ad Ulisse ed una nave per portarlo ad Itaca.<\/p>\n<\/div><\/div><\/div><\/div><div class = \"tatsu-column-bg-image-wrap\"><div class = \"tatsu-column-bg-image\" ><\/div><\/div><div class=\"tatsu-overlay tatsu-column-overlay tatsu-animate-none\" ><\/div><\/div><style>.tatsu-row > .tatsu-H1eFAxMRWH.tatsu-column{width: 50%;}.tatsu-H1eFAxMRWH.tatsu-column > .tatsu-column-inner > .tatsu-column-overlay{mix-blend-mode: normal;}.tatsu-H1eFAxMRWH > .tatsu-column-inner > .tatsu-top-divider{z-index: 9999;}.tatsu-H1eFAxMRWH > .tatsu-column-inner > .tatsu-bottom-divider{z-index: 9999;}.tatsu-H1eFAxMRWH > .tatsu-column-inner > .tatsu-left-divider{z-index: 9999;}.tatsu-H1eFAxMRWH > .tatsu-column-inner > .tatsu-right-divider{z-index: 9999;}@media only screen and (max-width:1377px) {.tatsu-row > .tatsu-H1eFAxMRWH.tatsu-column{width: 50%;}}@media only screen and (min-width:768px) and (max-width: 1024px) {.tatsu-row > .tatsu-H1eFAxMRWH.tatsu-column{width: 50%;}}@media only screen and (max-width: 767px) {.tatsu-row > .tatsu-H1eFAxMRWH.tatsu-column{width: 100%;}}<\/style><\/div><\/div><\/div><\/div><div class=\"tatsu-section-background-wrap\"><div class = \"tatsu-section-background\" ><\/div><\/div><div class=\"tatsu-overlay tatsu-section-overlay\"><\/div><style>.tatsu-SJZP0gzA-H .tatsu-section-pad{padding: 0px 0px 50px 0px;}.tatsu-SJZP0gzA-H .tatsu-section-offset-wrap{transform: translateY(-0px);}.tatsu-SJZP0gzA-H > .tatsu-bottom-divider{z-index: 9999;}.tatsu-SJZP0gzA-H > .tatsu-top-divider{z-index: 9999;}.tatsu-SJZP0gzA-H .tatsu-section-overlay{mix-blend-mode: normal;}<\/style><\/div><div  class=\"tatsu-H1-19bM0WB tatsu-section  tatsu-bg-overlay   tatsu-clearfix\" data-title=\"\"  data-headerscheme=\"background--dark\"><div class='tatsu-section-pad clearfix' data-padding='{\"d\":\"0px 0px 0px 0px\"}' data-padding-top='0px'><div class=\"tatsu-row-wrap  tatsu-wrap tatsu-row-one-col tatsu-row-has-one-cols tatsu-medium-gutter tatsu-reg-cols  tatsu-clearfix tatsu-rkgy5bzAbH\" ><div  class=\"tatsu-row \" ><div  class=\"tatsu-column  tatsu-bg-overlay tatsu-one-col tatsu-column-image-none tatsu-column-effect-none  tatsu-rJk9-GCZr\"  data-parallax-speed=\"0\" style=\"\"><div class=\"tatsu-column-inner \" ><div class=\"tatsu-column-pad-wrap\"><div class=\"tatsu-column-pad\" ><div  class=\"tatsu-module tatsu-text-block-wrap tatsu-Hyv9-fRZH  \"><div class=\"tatsu-text-inner tatsu-align-center  clearfix\" ><style>.tatsu-Hyv9-fRZH.tatsu-text-block-wrap .tatsu-text-inner{width: 100%;text-align: left;}<\/style>\n<h3 style=\"text-align: center;\">Breve cornice storica e cronologica<\/h3>\n<\/div><\/div><div class=\"tatsu-row-wrap  tatsu-row-has-one-half tatsu-row-has-two-cols tatsu-medium-gutter tatsu-reg-cols tatsu-inner-row-wrap  tatsu-clearfix tatsu-H1exyGf0bB\" ><div  class=\"tatsu-row \" ><div  class=\"tatsu-column  tatsu-bg-overlay tatsu-one-half tatsu-column-image- tatsu-column-effect-  tatsu-S1WkfMRbH\"  data-parallax-speed=\"0\" style=\"\"><div class=\"tatsu-column-inner \" ><div class=\"tatsu-column-pad-wrap\"><div class=\"tatsu-column-pad\" ><div  class=\"tatsu-module tatsu-text-block-wrap tatsu-r1ByMzA-H  \"><div class=\"tatsu-text-inner tatsu-align-center  clearfix\" ><style>.tatsu-r1ByMzA-H.tatsu-text-block-wrap .tatsu-text-inner{width: 100%;text-align: left;}<\/style>\n<ul>\n<li>Posizione Paleolitica nella Grotta di Gardiki<\/li>\n<li>Insediamento neolitico a Sidari<\/li>\n<li>775-750 aC colonia da Eretria-Evia<\/li>\n<li>735-435 aC: I Corintii a Corf\u00f9<\/li>\n<li>435-338 aC: Alleanza con Atene<\/li>\n<li>338-300 aC: Sotto la protezione di Alessandro Magno<\/li>\n<li>300-229 aC: Posseduto da Spartani \/ Syracussii\/ Illiri<\/li>\n<li>229 aC-337 dC: Sotto il dominio Romano<\/li>\n<li>337 \u2013 1204: Il periodo bizantino<\/li>\n<li>1204-1215: 1 \u00b0 periodo Veneziano<\/li>\n<\/ul>\n<\/div><\/div><\/div><\/div><div class = \"tatsu-column-bg-image-wrap\"><div class = \"tatsu-column-bg-image\" ><\/div><\/div><div class=\"tatsu-overlay tatsu-column-overlay tatsu-animate-none\" ><\/div><\/div><style>.tatsu-row > .tatsu-S1WkfMRbH.tatsu-column{width: 50%;}.tatsu-S1WkfMRbH.tatsu-column > .tatsu-column-inner > .tatsu-column-overlay{mix-blend-mode: normal;}.tatsu-S1WkfMRbH > .tatsu-column-inner > .tatsu-top-divider{z-index: 9999;}.tatsu-S1WkfMRbH > .tatsu-column-inner > .tatsu-bottom-divider{z-index: 9999;}.tatsu-S1WkfMRbH > .tatsu-column-inner > .tatsu-left-divider{z-index: 9999;}.tatsu-S1WkfMRbH > .tatsu-column-inner > .tatsu-right-divider{z-index: 9999;}@media only screen and (max-width:1377px) {.tatsu-row > .tatsu-S1WkfMRbH.tatsu-column{width: 50%;}}@media only screen and (min-width:768px) and (max-width: 1024px) {.tatsu-row > .tatsu-S1WkfMRbH.tatsu-column{width: 50%;}}@media only screen and (max-width: 767px) {.tatsu-row > .tatsu-S1WkfMRbH.tatsu-column{width: 100%;}}<\/style><\/div><div  class=\"tatsu-column  tatsu-bg-overlay tatsu-one-half tatsu-column-image- tatsu-column-effect-  tatsu-BkeZyzG0bS\"  data-parallax-speed=\"0\" style=\"\"><div class=\"tatsu-column-inner \" ><div class=\"tatsu-column-pad-wrap\"><div class=\"tatsu-column-pad\" ><div  class=\"tatsu-module tatsu-text-block-wrap tatsu-BJpMXz0WB  \"><div class=\"tatsu-text-inner tatsu-align-center  clearfix\" ><style>.tatsu-BJpMXz0WB.tatsu-text-block-wrap .tatsu-text-inner{width: 100%;text-align: left;}<\/style>\n<ul>\n<li>1215-1266: Signoria di Epiro<\/li>\n<li>1266-1386: L\u2019occupazione Angioina<\/li>\n<li>1386-1797: Il (2 \u00b0) periodo Veneziano<\/li>\n<li>1797-1799: Prima dominazione francese (Democratici)<\/li>\n<li>1799-1800: La dominazione russa<\/li>\n<li>1800-1807: Indipendente Republica Septinsulare<\/li>\n<li>1807-1814: Seconda dominazione francese (Napoleone)<\/li>\n<li>1814-1864: L\u2019era Britannica<\/li>\n<li>1864: Unione con lo Stato Greco<\/li>\n<\/ul>\n<\/div><\/div><\/div><\/div><div class = \"tatsu-column-bg-image-wrap\"><div class = \"tatsu-column-bg-image\" ><\/div><\/div><div class=\"tatsu-overlay tatsu-column-overlay tatsu-animate-none\" ><\/div><\/div><style>.tatsu-row > .tatsu-BkeZyzG0bS.tatsu-column{width: 50%;}.tatsu-BkeZyzG0bS.tatsu-column > .tatsu-column-inner > .tatsu-column-overlay{mix-blend-mode: normal;}.tatsu-BkeZyzG0bS > .tatsu-column-inner > .tatsu-top-divider{z-index: 9999;}.tatsu-BkeZyzG0bS > .tatsu-column-inner > .tatsu-bottom-divider{z-index: 9999;}.tatsu-BkeZyzG0bS > .tatsu-column-inner > .tatsu-left-divider{z-index: 9999;}.tatsu-BkeZyzG0bS > .tatsu-column-inner > .tatsu-right-divider{z-index: 9999;}@media only screen and (max-width:1377px) {.tatsu-row > .tatsu-BkeZyzG0bS.tatsu-column{width: 50%;}}@media only screen and (min-width:768px) and (max-width: 1024px) {.tatsu-row > .tatsu-BkeZyzG0bS.tatsu-column{width: 50%;}}@media only screen and (max-width: 767px) {.tatsu-row > .tatsu-BkeZyzG0bS.tatsu-column{width: 100%;}}<\/style><\/div><\/div><\/div><\/div><\/div><div class = \"tatsu-column-bg-image-wrap\"><div class = \"tatsu-column-bg-image\" ><\/div><\/div><div class=\"tatsu-overlay tatsu-column-overlay tatsu-animate-none\" ><\/div><\/div><style>.tatsu-row > .tatsu-rJk9-GCZr.tatsu-column{width: 100%;}.tatsu-rJk9-GCZr.tatsu-column > .tatsu-column-inner > .tatsu-column-overlay{mix-blend-mode: normal;}.tatsu-rJk9-GCZr > .tatsu-column-inner > .tatsu-top-divider{z-index: 9999;}.tatsu-rJk9-GCZr > .tatsu-column-inner > .tatsu-bottom-divider{z-index: 9999;}.tatsu-rJk9-GCZr > .tatsu-column-inner > .tatsu-left-divider{z-index: 9999;}.tatsu-rJk9-GCZr > .tatsu-column-inner > .tatsu-right-divider{z-index: 9999;}@media only screen and (max-width:1377px) {.tatsu-row > .tatsu-rJk9-GCZr.tatsu-column{width: 100%;}}@media only screen and (min-width:768px) and (max-width: 1024px) {.tatsu-row > .tatsu-rJk9-GCZr.tatsu-column{width: 100%;}}@media only screen and (max-width: 767px) {.tatsu-row > .tatsu-rJk9-GCZr.tatsu-column{width: 100%;}}<\/style><\/div><\/div><\/div><\/div><div class=\"tatsu-section-background-wrap\"><div class = \"tatsu-section-background\" ><\/div><\/div><div class=\"tatsu-overlay tatsu-section-overlay\"><\/div><style>.tatsu-H1-19bM0WB .tatsu-section-offset-wrap{transform: translateY(-0px);}.tatsu-H1-19bM0WB > .tatsu-bottom-divider{z-index: 9999;}.tatsu-H1-19bM0WB > .tatsu-top-divider{z-index: 9999;}.tatsu-H1-19bM0WB .tatsu-section-overlay{mix-blend-mode: normal;}<\/style><\/div><div  class=\"tatsu-B1WycgMRWH tatsu-section  tatsu-bg-overlay   tatsu-clearfix\" data-title=\"\"  data-headerscheme=\"background--dark\"><div class='tatsu-section-pad clearfix' data-padding='{\"d\":\"0px 0px 90px 0px\"}' data-padding-top='0px'><\/div><div class=\"tatsu-section-background-wrap\"><div class = \"tatsu-section-background\" ><\/div><\/div><div class=\"tatsu-overlay tatsu-section-overlay\"><\/div><style>.tatsu-B1WycgMRWH .tatsu-section-pad{padding: 0px 0px 90px 0px;}.tatsu-B1WycgMRWH .tatsu-section-offset-wrap{transform: translateY(-0px);}.tatsu-B1WycgMRWH > .tatsu-bottom-divider{z-index: 9999;}.tatsu-B1WycgMRWH > .tatsu-top-divider{z-index: 9999;}.tatsu-B1WycgMRWH .tatsu-section-overlay{mix-blend-mode: normal;}<\/style><\/div>\n","protected":false},"excerpt":{"rendered":"<p><a href=\"https:\/\/glyfabeachvillas.com\/it\/breve-cornice-storica-e-cronologica\/\" class=\"more-link style3-button\">Read More<\/a><\/p>","protected":false},"author":1,"featured_media":0,"parent":0,"menu_order":0,"comment_status":"closed","ping_status":"closed","template":"","meta":{"_exactmetrics_skip_tracking":false,"_exactmetrics_sitenote_active":false,"_exactmetrics_sitenote_note":"","_exactmetrics_sitenote_category":0,"footnotes":""},"class_list":["post-4229","page","type-page","status-publish","hentry"],"yoast_head":"<!-- This site is optimized with the Yoast SEO plugin v26.8 - https:\/\/yoast.com\/product\/yoast-seo-wordpress\/ -->\n<title>Breve cornice storica e cronologica - Glyfa Beach Villas<\/title>\n<meta name=\"description\" content=\"Corf\u00f9 \u00e8 una delle isole meridionali e occidentali della Grecia e del Mar Ionio. Leggi la breve cornice cronologica e scopri di pi\u00f9 su Corf\u00f9 e la sua storia.\" \/>\n<meta name=\"robots\" content=\"index, follow, max-snippet:-1, max-image-preview:large, max-video-preview:-1\" \/>\n<link rel=\"canonical\" href=\"https:\/\/glyfabeachvillas.com\/it\/breve-cornice-storica-e-cronologica\/\" \/>\n<meta property=\"og:locale\" content=\"it_IT\" \/>\n<meta property=\"og:type\" content=\"article\" \/>\n<meta property=\"og:title\" content=\"Breve cornice storica e cronologica - Glyfa Beach Villas\" \/>\n<meta property=\"og:description\" content=\"Corf\u00f9 \u00e8 una delle isole meridionali e occidentali della Grecia e del Mar Ionio. Leggi la breve cornice cronologica e scopri di pi\u00f9 su Corf\u00f9 e la sua storia.\" \/>\n<meta property=\"og:url\" content=\"https:\/\/glyfabeachvillas.com\/it\/breve-cornice-storica-e-cronologica\/\" \/>\n<meta property=\"og:site_name\" content=\"Glyfa Beach Villas\" \/>\n<meta property=\"article:publisher\" content=\"https:\/\/www.facebook.com\/pages\/category\/Hotel\/Glyfa-Beach-Villas-613810542422053\/\" \/>\n<meta property=\"article:modified_time\" content=\"2020-04-02T07:53:16+00:00\" \/>\n<meta property=\"og:image\" content=\"https:\/\/glyfabeachvillas.com\/web-assets\/uploads\/2019\/07\/glyfa-beach-villas-logo-2.png\" \/>\n\t<meta property=\"og:image:width\" content=\"400\" \/>\n\t<meta property=\"og:image:height\" content=\"68\" \/>\n\t<meta property=\"og:image:type\" content=\"image\/png\" \/>\n<meta name=\"twitter:card\" content=\"summary_large_image\" \/>\n<meta name=\"twitter:label1\" content=\"Tempo di lettura stimato\" \/>\n\t<meta name=\"twitter:data1\" content=\"17 minuti\" \/>\n<script type=\"application\/ld+json\" class=\"yoast-schema-graph\">{\"@context\":\"https:\/\/schema.org\",\"@graph\":[{\"@type\":\"WebPage\",\"@id\":\"https:\/\/glyfabeachvillas.com\/it\/breve-cornice-storica-e-cronologica\/\",\"url\":\"https:\/\/glyfabeachvillas.com\/it\/breve-cornice-storica-e-cronologica\/\",\"name\":\"Breve cornice storica e cronologica - Glyfa Beach Villas\",\"isPartOf\":{\"@id\":\"https:\/\/glyfabeachvillas.com\/#website\"},\"datePublished\":\"2019-07-18T15:49:13+00:00\",\"dateModified\":\"2020-04-02T07:53:16+00:00\",\"description\":\"Corf\u00f9 \u00e8 una delle isole meridionali e occidentali della Grecia e del Mar Ionio. Leggi la breve cornice cronologica e scopri di pi\u00f9 su Corf\u00f9 e la sua storia.\",\"breadcrumb\":{\"@id\":\"https:\/\/glyfabeachvillas.com\/it\/breve-cornice-storica-e-cronologica\/#breadcrumb\"},\"inLanguage\":\"it-IT\",\"potentialAction\":[{\"@type\":\"ReadAction\",\"target\":[\"https:\/\/glyfabeachvillas.com\/it\/breve-cornice-storica-e-cronologica\/\"]}]},{\"@type\":\"BreadcrumbList\",\"@id\":\"https:\/\/glyfabeachvillas.com\/it\/breve-cornice-storica-e-cronologica\/#breadcrumb\",\"itemListElement\":[{\"@type\":\"ListItem\",\"position\":1,\"name\":\"Home\",\"item\":\"https:\/\/glyfabeachvillas.com\/it\/\"},{\"@type\":\"ListItem\",\"position\":2,\"name\":\"Breve cornice storica e cronologica\"}]},{\"@type\":\"WebSite\",\"@id\":\"https:\/\/glyfabeachvillas.com\/#website\",\"url\":\"https:\/\/glyfabeachvillas.com\/\",\"name\":\"Glyfa Beach Villas\",\"description\":\"Corfu Luxury Villas\",\"publisher\":{\"@id\":\"https:\/\/glyfabeachvillas.com\/#organization\"},\"potentialAction\":[{\"@type\":\"SearchAction\",\"target\":{\"@type\":\"EntryPoint\",\"urlTemplate\":\"https:\/\/glyfabeachvillas.com\/?s={search_term_string}\"},\"query-input\":{\"@type\":\"PropertyValueSpecification\",\"valueRequired\":true,\"valueName\":\"search_term_string\"}}],\"inLanguage\":\"it-IT\"},{\"@type\":\"Organization\",\"@id\":\"https:\/\/glyfabeachvillas.com\/#organization\",\"name\":\"Glyfa Beach Villas\",\"url\":\"https:\/\/glyfabeachvillas.com\/\",\"logo\":{\"@type\":\"ImageObject\",\"inLanguage\":\"it-IT\",\"@id\":\"https:\/\/glyfabeachvillas.com\/#\/schema\/logo\/image\/\",\"url\":\"https:\/\/glyfabeachvillas.com\/web-assets\/uploads\/2019\/07\/glyfa-beach-villas-logo-2.png\",\"contentUrl\":\"https:\/\/glyfabeachvillas.com\/web-assets\/uploads\/2019\/07\/glyfa-beach-villas-logo-2.png\",\"width\":400,\"height\":68,\"caption\":\"Glyfa Beach Villas\"},\"image\":{\"@id\":\"https:\/\/glyfabeachvillas.com\/#\/schema\/logo\/image\/\"},\"sameAs\":[\"https:\/\/www.facebook.com\/pages\/category\/Hotel\/Glyfa-Beach-Villas-613810542422053\/\"]}]}<\/script>\n<!-- \/ Yoast SEO plugin. -->","yoast_head_json":{"title":"Breve cornice storica e cronologica - Glyfa Beach Villas","description":"Corf\u00f9 \u00e8 una delle isole meridionali e occidentali della Grecia e del Mar Ionio. Leggi la breve cornice cronologica e scopri di pi\u00f9 su Corf\u00f9 e la sua storia.","robots":{"index":"index","follow":"follow","max-snippet":"max-snippet:-1","max-image-preview":"max-image-preview:large","max-video-preview":"max-video-preview:-1"},"canonical":"https:\/\/glyfabeachvillas.com\/it\/breve-cornice-storica-e-cronologica\/","og_locale":"it_IT","og_type":"article","og_title":"Breve cornice storica e cronologica - Glyfa Beach Villas","og_description":"Corf\u00f9 \u00e8 una delle isole meridionali e occidentali della Grecia e del Mar Ionio. Leggi la breve cornice cronologica e scopri di pi\u00f9 su Corf\u00f9 e la sua storia.","og_url":"https:\/\/glyfabeachvillas.com\/it\/breve-cornice-storica-e-cronologica\/","og_site_name":"Glyfa Beach Villas","article_publisher":"https:\/\/www.facebook.com\/pages\/category\/Hotel\/Glyfa-Beach-Villas-613810542422053\/","article_modified_time":"2020-04-02T07:53:16+00:00","og_image":[{"width":400,"height":68,"url":"https:\/\/glyfabeachvillas.com\/web-assets\/uploads\/2019\/07\/glyfa-beach-villas-logo-2.png","type":"image\/png"}],"twitter_card":"summary_large_image","twitter_misc":{"Tempo di lettura stimato":"17 minuti"},"schema":{"@context":"https:\/\/schema.org","@graph":[{"@type":"WebPage","@id":"https:\/\/glyfabeachvillas.com\/it\/breve-cornice-storica-e-cronologica\/","url":"https:\/\/glyfabeachvillas.com\/it\/breve-cornice-storica-e-cronologica\/","name":"Breve cornice storica e cronologica - Glyfa Beach Villas","isPartOf":{"@id":"https:\/\/glyfabeachvillas.com\/#website"},"datePublished":"2019-07-18T15:49:13+00:00","dateModified":"2020-04-02T07:53:16+00:00","description":"Corf\u00f9 \u00e8 una delle isole meridionali e occidentali della Grecia e del Mar Ionio. Leggi la breve cornice cronologica e scopri di pi\u00f9 su Corf\u00f9 e la sua storia.","breadcrumb":{"@id":"https:\/\/glyfabeachvillas.com\/it\/breve-cornice-storica-e-cronologica\/#breadcrumb"},"inLanguage":"it-IT","potentialAction":[{"@type":"ReadAction","target":["https:\/\/glyfabeachvillas.com\/it\/breve-cornice-storica-e-cronologica\/"]}]},{"@type":"BreadcrumbList","@id":"https:\/\/glyfabeachvillas.com\/it\/breve-cornice-storica-e-cronologica\/#breadcrumb","itemListElement":[{"@type":"ListItem","position":1,"name":"Home","item":"https:\/\/glyfabeachvillas.com\/it\/"},{"@type":"ListItem","position":2,"name":"Breve cornice storica e cronologica"}]},{"@type":"WebSite","@id":"https:\/\/glyfabeachvillas.com\/#website","url":"https:\/\/glyfabeachvillas.com\/","name":"Glyfa Beach Villas","description":"Corfu Luxury Villas","publisher":{"@id":"https:\/\/glyfabeachvillas.com\/#organization"},"potentialAction":[{"@type":"SearchAction","target":{"@type":"EntryPoint","urlTemplate":"https:\/\/glyfabeachvillas.com\/?s={search_term_string}"},"query-input":{"@type":"PropertyValueSpecification","valueRequired":true,"valueName":"search_term_string"}}],"inLanguage":"it-IT"},{"@type":"Organization","@id":"https:\/\/glyfabeachvillas.com\/#organization","name":"Glyfa Beach Villas","url":"https:\/\/glyfabeachvillas.com\/","logo":{"@type":"ImageObject","inLanguage":"it-IT","@id":"https:\/\/glyfabeachvillas.com\/#\/schema\/logo\/image\/","url":"https:\/\/glyfabeachvillas.com\/web-assets\/uploads\/2019\/07\/glyfa-beach-villas-logo-2.png","contentUrl":"https:\/\/glyfabeachvillas.com\/web-assets\/uploads\/2019\/07\/glyfa-beach-villas-logo-2.png","width":400,"height":68,"caption":"Glyfa Beach Villas"},"image":{"@id":"https:\/\/glyfabeachvillas.com\/#\/schema\/logo\/image\/"},"sameAs":["https:\/\/www.facebook.com\/pages\/category\/Hotel\/Glyfa-Beach-Villas-613810542422053\/"]}]}},"_links":{"self":[{"href":"https:\/\/glyfabeachvillas.com\/it\/wp-json\/wp\/v2\/pages\/4229","targetHints":{"allow":["GET"]}}],"collection":[{"href":"https:\/\/glyfabeachvillas.com\/it\/wp-json\/wp\/v2\/pages"}],"about":[{"href":"https:\/\/glyfabeachvillas.com\/it\/wp-json\/wp\/v2\/types\/page"}],"author":[{"embeddable":true,"href":"https:\/\/glyfabeachvillas.com\/it\/wp-json\/wp\/v2\/users\/1"}],"replies":[{"embeddable":true,"href":"https:\/\/glyfabeachvillas.com\/it\/wp-json\/wp\/v2\/comments?post=4229"}],"version-history":[{"count":0,"href":"https:\/\/glyfabeachvillas.com\/it\/wp-json\/wp\/v2\/pages\/4229\/revisions"}],"wp:attachment":[{"href":"https:\/\/glyfabeachvillas.com\/it\/wp-json\/wp\/v2\/media?parent=4229"}],"curies":[{"name":"wp","href":"https:\/\/api.w.org\/{rel}","templated":true}]}}