{"id":4157,"date":"2019-07-17T19:02:31","date_gmt":"2019-07-17T16:02:31","guid":{"rendered":"https:\/\/glyfabeachvillas.com\/?page_id=4157"},"modified":"2020-04-02T10:50:30","modified_gmt":"2020-04-02T07:50:30","slug":"attivita","status":"publish","type":"page","link":"https:\/\/glyfabeachvillas.com\/it\/attivita\/","title":{"rendered":"Attivita"},"content":{"rendered":"<div  class=\"tatsu-fqoz10ibeu98fm0n tatsu-section  filox_section_padding  tatsu-clearfix\" data-title=\"\"  data-headerscheme=\"background--dark\"><div class='tatsu-section-pad clearfix' data-padding='{\"d\":\"0px 0px 0px 0px\"}' data-padding-top='0px'><div class=\"tatsu-row-wrap  tatsu-wrap tatsu-row-has-one-half tatsu-row-has-two-cols tatsu-medium-gutter tatsu-reg-cols  tatsu-clearfix tatsu-fqoz10ibr47vse99\" ><div  class=\"tatsu-row \" ><div  class=\"tatsu-column  tatsu-column-no-bg tatsu-one-half tatsu-column-image-none tatsu-column-effect-none  tatsu-fqoz10ibrrbi6nan\"  data-parallax-speed=\"0\" style=\"\"><div class=\"tatsu-column-inner \" ><div class=\"tatsu-column-pad-wrap\"><div class=\"tatsu-column-pad\" ><div  class=\"tatsu-module tatsu-text-block-wrap tatsu-Syp2igIbr  \"><div class=\"tatsu-text-inner tatsu-align-center  clearfix\" ><style>.tatsu-Syp2igIbr.tatsu-text-block-wrap .tatsu-text-inner{width: 100%;text-align: left;}<\/style>\n<ul>\n<li><strong>CAMINARE:<\/strong> Approfittate dei sentieri che collegano i villaggi tradizionali e scoprire l\u2019interno dell\u2019isola che rimane quasi del tutto sconosciuta. Trail Corf\u00f9, \u00e8 una rete di sentieri (lunga circa 220 km) che attraversa tutta la lunghezza di Corf\u00f9.<\/li>\n<li><strong>CICLISMO:<\/strong> La bicicletta \u00e8 un modo unico per scoprire le parti nascoste e incontaminate della campagna di Corf\u00f9. Gite in bicicletta sono organizzati in tutta l\u2019isola.<\/li>\n<li><strong>GOLF:<\/strong> Il golf club a 18 buche, disegnato da Donald Harradine, si trova nella valle di Ropa a Ermones, in un ambiente mozzafiato, ed \u00e8 noto per essere tra I piu\u2019 belli d\u2019Europa. Offre tutti i servizi necessari.<\/li>\n<li><strong>TENNIS:<\/strong> Tennis \u00e8 stato giocato per la prima volta in Grecia verso la fine del 19 \u00b0 secolo, a Corf\u00f9. Oltre al Tennis Club storico di Corf\u00f9, ci sono molti altri campi da tennis nell\u2019isola.<\/li>\n<li><strong>EQUITAZIONE :<\/strong> Che tu sia esperto o meno, i club di equitazione (in varie localit\u00e0 dell\u2019isola) ti fornirano il cavallo giusto e la guida che vi mostrer\u00e0 intorno il paesaggio unico dell\u2019isola.<\/li>\n<\/ul>\n<\/div><\/div><\/div><\/div><div class = \"tatsu-column-bg-image-wrap\"><div class = \"tatsu-column-bg-image\" ><\/div><\/div><\/div><style>.tatsu-row > .tatsu-fqoz10ibrrbi6nan.tatsu-column{width: 50%;}.tatsu-fqoz10ibrrbi6nan.tatsu-column > .tatsu-column-inner > .tatsu-column-overlay{mix-blend-mode: none;}.tatsu-fqoz10ibrrbi6nan > .tatsu-column-inner > .tatsu-top-divider{z-index: 9999;}.tatsu-fqoz10ibrrbi6nan > .tatsu-column-inner > .tatsu-bottom-divider{z-index: 9999;}.tatsu-fqoz10ibrrbi6nan > .tatsu-column-inner > .tatsu-left-divider{z-index: 9999;}.tatsu-fqoz10ibrrbi6nan > .tatsu-column-inner > .tatsu-right-divider{z-index: 9999;}@media only screen and (max-width: 767px) {.tatsu-row > .tatsu-fqoz10ibrrbi6nan.tatsu-column{width: 100%;}}<\/style><\/div><div  class=\"tatsu-column  tatsu-column-no-bg tatsu-one-half tatsu-column-image-none tatsu-column-effect-none  tatsu-fqoz10ibxkexrxo4\"  data-parallax-speed=\"0\" style=\"\"><div class=\"tatsu-column-inner \" ><div class=\"tatsu-column-pad-wrap\"><div class=\"tatsu-column-pad\" ><div  class=\"tatsu-module tatsu-text-block-wrap tatsu-HJRhCgLWS  \"><div class=\"tatsu-text-inner tatsu-align-center  clearfix\" ><style>.tatsu-HJRhCgLWS.tatsu-text-block-wrap .tatsu-text-inner{width: 100%;text-align: left;}<\/style>\n<ul>\n<li><strong>NOLEGGIO BARCHE :<\/strong> In un luogo famoso fin dall\u2019antichit\u00e0 per le competenze marittime dei suoi abitanti, \u00e8 possibile trovare una marina a Gouvia e una moltitudine di ormeggi in prossimit\u00e0 della costa. Il noleggio \u00e8 disponibile in quasi tutte le spiagge dell\u2019isola.<\/li>\n<li><strong>IMMERSIONE:<\/strong> Le spiagge costituiscono un piccolo paradiso per gli amanti del profondo. Diving center si trovano in ogni parte dell\u2019isola.<\/li>\n<li><strong>SPORT ACQUATICI:<\/strong>\u00a0 Tutte le principali spiagge di Corf\u00f9 sono dotate di piattaforme galleggianti, dove istruttori professionisti vi avviano in sci d\u2019acqua, jet ski, parapendio o windsurf.<\/li>\n<li><strong>SHOPPING:<\/strong> Gioielli artigianali, ceramiche, sculture in legno, vino, conserve dolci, miele, olio d\u2019oliva, sapone verde, pelleteria, lino, pizzo, e Koum Kouat (arance agrodolci, in miniatura, una specialit\u00e0 di Corf\u00f9) sono solo alcuni dei tanti prodotti che troverete in abbondanza ed a prezzi ragionevoli.<\/li>\n<\/ul>\n<\/div><\/div><\/div><\/div><div class = \"tatsu-column-bg-image-wrap\"><div class = \"tatsu-column-bg-image\" ><\/div><\/div><\/div><style>.tatsu-row > .tatsu-fqoz10ibxkexrxo4.tatsu-column{width: 50%;}.tatsu-fqoz10ibxkexrxo4.tatsu-column > .tatsu-column-inner > .tatsu-column-overlay{mix-blend-mode: none;}.tatsu-fqoz10ibxkexrxo4 > .tatsu-column-inner > .tatsu-top-divider{z-index: 9999;}.tatsu-fqoz10ibxkexrxo4 > .tatsu-column-inner > .tatsu-bottom-divider{z-index: 9999;}.tatsu-fqoz10ibxkexrxo4 > .tatsu-column-inner > .tatsu-left-divider{z-index: 9999;}.tatsu-fqoz10ibxkexrxo4 > .tatsu-column-inner > .tatsu-right-divider{z-index: 9999;}@media only screen and (max-width: 767px) {.tatsu-row > .tatsu-fqoz10ibxkexrxo4.tatsu-column{width: 100%;}}<\/style><\/div><\/div><\/div><\/div><div class=\"tatsu-section-background-wrap\"><div class = \"tatsu-section-background\" ><\/div><\/div><style>.tatsu-fqoz10ibeu98fm0n > .tatsu-bottom-divider{z-index: 9999;}.tatsu-fqoz10ibeu98fm0n > .tatsu-top-divider{z-index: 9999;}<\/style><\/div>\n","protected":false},"excerpt":{"rendered":"<p><a href=\"https:\/\/glyfabeachvillas.com\/it\/attivita\/\" class=\"more-link style3-button\">Read More<\/a><\/p>","protected":false},"author":1,"featured_media":0,"parent":0,"menu_order":0,"comment_status":"closed","ping_status":"closed","template":"","meta":{"_exactmetrics_skip_tracking":false,"_exactmetrics_sitenote_active":false,"_exactmetrics_sitenote_note":"","_exactmetrics_sitenote_category":0,"footnotes":""},"class_list":["post-4157","page","type-page","status-publish","hentry"],"yoast_head":"<!-- This site is optimized with the Yoast SEO plugin v26.8 - https:\/\/yoast.com\/product\/yoast-seo-wordpress\/ -->\n<title>Attivita che soddisfano anche l&#039;ospite pi\u00f9 esigente - Glyfa Beach Villas<\/title>\n<meta name=\"description\" content=\"A Glyfa Corfu potresti passare tutto il giorno a bordo piscina, ammirando la vista sul mare o uscire alla ricerca di attivit\u00e0 divertenti nei dintorni.\" \/>\n<meta name=\"robots\" content=\"index, follow, max-snippet:-1, max-image-preview:large, max-video-preview:-1\" \/>\n<link rel=\"canonical\" href=\"https:\/\/glyfabeachvillas.com\/it\/attivita\/\" \/>\n<meta property=\"og:locale\" content=\"it_IT\" \/>\n<meta property=\"og:type\" content=\"article\" \/>\n<meta property=\"og:title\" content=\"Attivita che soddisfano anche l&#039;ospite pi\u00f9 esigente - Glyfa Beach Villas\" \/>\n<meta property=\"og:description\" content=\"A Glyfa Corfu potresti passare tutto il giorno a bordo piscina, ammirando la vista sul mare o uscire alla ricerca di attivit\u00e0 divertenti nei dintorni.\" \/>\n<meta property=\"og:url\" content=\"https:\/\/glyfabeachvillas.com\/it\/attivita\/\" \/>\n<meta property=\"og:site_name\" content=\"Glyfa Beach Villas\" \/>\n<meta property=\"article:publisher\" content=\"https:\/\/www.facebook.com\/pages\/category\/Hotel\/Glyfa-Beach-Villas-613810542422053\/\" \/>\n<meta property=\"article:modified_time\" content=\"2020-04-02T07:50:30+00:00\" \/>\n<meta property=\"og:image\" content=\"https:\/\/glyfabeachvillas.com\/web-assets\/uploads\/2019\/07\/glyfa-beach-villas-logo-2.png\" \/>\n\t<meta property=\"og:image:width\" content=\"400\" \/>\n\t<meta property=\"og:image:height\" content=\"68\" \/>\n\t<meta property=\"og:image:type\" content=\"image\/png\" \/>\n<meta name=\"twitter:card\" content=\"summary_large_image\" \/>\n<meta name=\"twitter:label1\" content=\"Tempo di lettura stimato\" \/>\n\t<meta name=\"twitter:data1\" content=\"6 minuti\" \/>\n<script type=\"application\/ld+json\" class=\"yoast-schema-graph\">{\"@context\":\"https:\/\/schema.org\",\"@graph\":[{\"@type\":\"WebPage\",\"@id\":\"https:\/\/glyfabeachvillas.com\/it\/attivita\/\",\"url\":\"https:\/\/glyfabeachvillas.com\/it\/attivita\/\",\"name\":\"Attivita che soddisfano anche l'ospite pi\u00f9 esigente - Glyfa Beach Villas\",\"isPartOf\":{\"@id\":\"https:\/\/glyfabeachvillas.com\/#website\"},\"datePublished\":\"2019-07-17T16:02:31+00:00\",\"dateModified\":\"2020-04-02T07:50:30+00:00\",\"description\":\"A Glyfa Corfu potresti passare tutto il giorno a bordo piscina, ammirando la vista sul mare o uscire alla ricerca di attivit\u00e0 divertenti nei dintorni.\",\"breadcrumb\":{\"@id\":\"https:\/\/glyfabeachvillas.com\/it\/attivita\/#breadcrumb\"},\"inLanguage\":\"it-IT\",\"potentialAction\":[{\"@type\":\"ReadAction\",\"target\":[\"https:\/\/glyfabeachvillas.com\/it\/attivita\/\"]}]},{\"@type\":\"BreadcrumbList\",\"@id\":\"https:\/\/glyfabeachvillas.com\/it\/attivita\/#breadcrumb\",\"itemListElement\":[{\"@type\":\"ListItem\",\"position\":1,\"name\":\"Home\",\"item\":\"https:\/\/glyfabeachvillas.com\/it\/\"},{\"@type\":\"ListItem\",\"position\":2,\"name\":\"Attivita\"}]},{\"@type\":\"WebSite\",\"@id\":\"https:\/\/glyfabeachvillas.com\/#website\",\"url\":\"https:\/\/glyfabeachvillas.com\/\",\"name\":\"Glyfa Beach Villas\",\"description\":\"Corfu Luxury Villas\",\"publisher\":{\"@id\":\"https:\/\/glyfabeachvillas.com\/#organization\"},\"potentialAction\":[{\"@type\":\"SearchAction\",\"target\":{\"@type\":\"EntryPoint\",\"urlTemplate\":\"https:\/\/glyfabeachvillas.com\/?s={search_term_string}\"},\"query-input\":{\"@type\":\"PropertyValueSpecification\",\"valueRequired\":true,\"valueName\":\"search_term_string\"}}],\"inLanguage\":\"it-IT\"},{\"@type\":\"Organization\",\"@id\":\"https:\/\/glyfabeachvillas.com\/#organization\",\"name\":\"Glyfa Beach Villas\",\"url\":\"https:\/\/glyfabeachvillas.com\/\",\"logo\":{\"@type\":\"ImageObject\",\"inLanguage\":\"it-IT\",\"@id\":\"https:\/\/glyfabeachvillas.com\/#\/schema\/logo\/image\/\",\"url\":\"https:\/\/glyfabeachvillas.com\/web-assets\/uploads\/2019\/07\/glyfa-beach-villas-logo-2.png\",\"contentUrl\":\"https:\/\/glyfabeachvillas.com\/web-assets\/uploads\/2019\/07\/glyfa-beach-villas-logo-2.png\",\"width\":400,\"height\":68,\"caption\":\"Glyfa Beach Villas\"},\"image\":{\"@id\":\"https:\/\/glyfabeachvillas.com\/#\/schema\/logo\/image\/\"},\"sameAs\":[\"https:\/\/www.facebook.com\/pages\/category\/Hotel\/Glyfa-Beach-Villas-613810542422053\/\"]}]}<\/script>\n<!-- \/ Yoast SEO plugin. -->","yoast_head_json":{"title":"Attivita che soddisfano anche l'ospite pi\u00f9 esigente - Glyfa Beach Villas","description":"A Glyfa Corfu potresti passare tutto il giorno a bordo piscina, ammirando la vista sul mare o uscire alla ricerca di attivit\u00e0 divertenti nei dintorni.","robots":{"index":"index","follow":"follow","max-snippet":"max-snippet:-1","max-image-preview":"max-image-preview:large","max-video-preview":"max-video-preview:-1"},"canonical":"https:\/\/glyfabeachvillas.com\/it\/attivita\/","og_locale":"it_IT","og_type":"article","og_title":"Attivita che soddisfano anche l'ospite pi\u00f9 esigente - Glyfa Beach Villas","og_description":"A Glyfa Corfu potresti passare tutto il giorno a bordo piscina, ammirando la vista sul mare o uscire alla ricerca di attivit\u00e0 divertenti nei dintorni.","og_url":"https:\/\/glyfabeachvillas.com\/it\/attivita\/","og_site_name":"Glyfa Beach Villas","article_publisher":"https:\/\/www.facebook.com\/pages\/category\/Hotel\/Glyfa-Beach-Villas-613810542422053\/","article_modified_time":"2020-04-02T07:50:30+00:00","og_image":[{"width":400,"height":68,"url":"https:\/\/glyfabeachvillas.com\/web-assets\/uploads\/2019\/07\/glyfa-beach-villas-logo-2.png","type":"image\/png"}],"twitter_card":"summary_large_image","twitter_misc":{"Tempo di lettura stimato":"6 minuti"},"schema":{"@context":"https:\/\/schema.org","@graph":[{"@type":"WebPage","@id":"https:\/\/glyfabeachvillas.com\/it\/attivita\/","url":"https:\/\/glyfabeachvillas.com\/it\/attivita\/","name":"Attivita che soddisfano anche l'ospite pi\u00f9 esigente - Glyfa Beach Villas","isPartOf":{"@id":"https:\/\/glyfabeachvillas.com\/#website"},"datePublished":"2019-07-17T16:02:31+00:00","dateModified":"2020-04-02T07:50:30+00:00","description":"A Glyfa Corfu potresti passare tutto il giorno a bordo piscina, ammirando la vista sul mare o uscire alla ricerca di attivit\u00e0 divertenti nei dintorni.","breadcrumb":{"@id":"https:\/\/glyfabeachvillas.com\/it\/attivita\/#breadcrumb"},"inLanguage":"it-IT","potentialAction":[{"@type":"ReadAction","target":["https:\/\/glyfabeachvillas.com\/it\/attivita\/"]}]},{"@type":"BreadcrumbList","@id":"https:\/\/glyfabeachvillas.com\/it\/attivita\/#breadcrumb","itemListElement":[{"@type":"ListItem","position":1,"name":"Home","item":"https:\/\/glyfabeachvillas.com\/it\/"},{"@type":"ListItem","position":2,"name":"Attivita"}]},{"@type":"WebSite","@id":"https:\/\/glyfabeachvillas.com\/#website","url":"https:\/\/glyfabeachvillas.com\/","name":"Glyfa Beach Villas","description":"Corfu Luxury Villas","publisher":{"@id":"https:\/\/glyfabeachvillas.com\/#organization"},"potentialAction":[{"@type":"SearchAction","target":{"@type":"EntryPoint","urlTemplate":"https:\/\/glyfabeachvillas.com\/?s={search_term_string}"},"query-input":{"@type":"PropertyValueSpecification","valueRequired":true,"valueName":"search_term_string"}}],"inLanguage":"it-IT"},{"@type":"Organization","@id":"https:\/\/glyfabeachvillas.com\/#organization","name":"Glyfa Beach Villas","url":"https:\/\/glyfabeachvillas.com\/","logo":{"@type":"ImageObject","inLanguage":"it-IT","@id":"https:\/\/glyfabeachvillas.com\/#\/schema\/logo\/image\/","url":"https:\/\/glyfabeachvillas.com\/web-assets\/uploads\/2019\/07\/glyfa-beach-villas-logo-2.png","contentUrl":"https:\/\/glyfabeachvillas.com\/web-assets\/uploads\/2019\/07\/glyfa-beach-villas-logo-2.png","width":400,"height":68,"caption":"Glyfa Beach Villas"},"image":{"@id":"https:\/\/glyfabeachvillas.com\/#\/schema\/logo\/image\/"},"sameAs":["https:\/\/www.facebook.com\/pages\/category\/Hotel\/Glyfa-Beach-Villas-613810542422053\/"]}]}},"_links":{"self":[{"href":"https:\/\/glyfabeachvillas.com\/it\/wp-json\/wp\/v2\/pages\/4157","targetHints":{"allow":["GET"]}}],"collection":[{"href":"https:\/\/glyfabeachvillas.com\/it\/wp-json\/wp\/v2\/pages"}],"about":[{"href":"https:\/\/glyfabeachvillas.com\/it\/wp-json\/wp\/v2\/types\/page"}],"author":[{"embeddable":true,"href":"https:\/\/glyfabeachvillas.com\/it\/wp-json\/wp\/v2\/users\/1"}],"replies":[{"embeddable":true,"href":"https:\/\/glyfabeachvillas.com\/it\/wp-json\/wp\/v2\/comments?post=4157"}],"version-history":[{"count":0,"href":"https:\/\/glyfabeachvillas.com\/it\/wp-json\/wp\/v2\/pages\/4157\/revisions"}],"wp:attachment":[{"href":"https:\/\/glyfabeachvillas.com\/it\/wp-json\/wp\/v2\/media?parent=4157"}],"curies":[{"name":"wp","href":"https:\/\/api.w.org\/{rel}","templated":true}]}}