{"id":4142,"date":"2018-01-02T09:11:43","date_gmt":"2018-01-02T09:11:43","guid":{"rendered":"https:\/\/glyfabeachvillas.com\/contact\/"},"modified":"2022-06-15T15:39:45","modified_gmt":"2022-06-15T12:39:45","slug":"pozitione","status":"publish","type":"page","link":"https:\/\/glyfabeachvillas.com\/it\/pozitione\/","title":{"rendered":"Pozitione"},"content":{"rendered":"<div  class=\"tatsu-fqoz10ibeu98fm0n tatsu-section  filox_section_padding  tatsu-clearfix\" data-title=\"\"  data-headerscheme=\"background--dark\"><div class='tatsu-section-pad clearfix' data-padding='{\"d\":\"0px 0px 0px 0px\"}' data-padding-top='0px'><div class=\"tatsu-row-wrap  tatsu-wrap tatsu-row-one-col tatsu-row-has-one-cols tatsu-medium-gutter tatsu-reg-cols  tatsu-clearfix tatsu-fqoz10ibfve20dtj\" ><div  class=\"tatsu-row \" ><div  class=\"tatsu-column  tatsu-column-no-bg tatsu-one-col tatsu-column-image-none tatsu-column-effect-none  tatsu-fqoz10ibgem3c7z\"  data-parallax-speed=\"0\" style=\"\"><div class=\"tatsu-column-inner \" ><div class=\"tatsu-column-pad-wrap\"><div class=\"tatsu-column-pad\" ><div  class=\"tatsu-module tatsu-text-block-wrap tatsu-SJijEOoeH  \"><div class=\"tatsu-text-inner tatsu-align-center  clearfix\" ><style>.tatsu-SJijEOoeH.tatsu-text-block-wrap .tatsu-text-inner{width: 100%;text-align: left;}<\/style>\n<p style=\"text-align: center;\">Situato in Glyfa, tra Barbati e Nissaki, due dei pi\u00f9 noti centri balneari, sulla costa nord-orientale di Corf\u00f9.<\/p>\n<h4 style=\"text-align: center;\">Come arrivare<\/h4>\n<p style=\"text-align: center;\">Prendere la strada che porta dalla citt\u00e0 di Corf\u00f9 verso il nord, seguendo le indicazioni per Kassiopi. Attraversare Dassia, Ipsos e Barbati. Subito dopo 1 km si \u00e8 di fronte a Glyfa Beach Villas.<\/p>\n<\/div><\/div><\/div><\/div><div class = \"tatsu-column-bg-image-wrap\"><div class = \"tatsu-column-bg-image\" ><\/div><\/div><\/div><style>.tatsu-row > .tatsu-fqoz10ibgem3c7z.tatsu-column{width: 100%;}.tatsu-fqoz10ibgem3c7z.tatsu-column > .tatsu-column-inner > .tatsu-column-overlay{mix-blend-mode: none;}.tatsu-fqoz10ibgem3c7z > .tatsu-column-inner > .tatsu-top-divider{z-index: 9999;}.tatsu-fqoz10ibgem3c7z > .tatsu-column-inner > .tatsu-bottom-divider{z-index: 9999;}.tatsu-fqoz10ibgem3c7z > .tatsu-column-inner > .tatsu-left-divider{z-index: 9999;}.tatsu-fqoz10ibgem3c7z > .tatsu-column-inner > .tatsu-right-divider{z-index: 9999;}<\/style><\/div><\/div><\/div><div class=\"tatsu-row-wrap  tatsu-wrap tatsu-row-has-one-half tatsu-row-has-two-cols tatsu-medium-gutter tatsu-reg-cols  tatsu-clearfix tatsu-fqoz10ibr47vse99\" ><div  class=\"tatsu-row \" ><div  class=\"tatsu-column  tatsu-column-no-bg tatsu-one-half tatsu-column-image-none tatsu-column-effect-none  tatsu-fqoz10ibrrbi6nan\"  data-parallax-speed=\"0\" style=\"\"><div class=\"tatsu-column-inner \" ><div class=\"tatsu-column-pad-wrap\"><div class=\"tatsu-column-pad\" ><div  class=\"tatsu-shortcode-module tatsu-module tatsu-SJ9Egp1yS   \"  >\n<div class=\"wpcf7 no-js\" id=\"wpcf7-f4336-o1\" lang=\"el\" dir=\"ltr\" data-wpcf7-id=\"4336\">\n<div class=\"screen-reader-response\"><p role=\"status\" aria-live=\"polite\" aria-atomic=\"true\"><\/p> <ul><\/ul><\/div>\n<form action=\"\/it\/wp-json\/wp\/v2\/pages\/4142#wpcf7-f4336-o1\" method=\"post\" class=\"wpcf7-form init\" aria-label=\"\u03a6\u03cc\u03c1\u03bc\u03b1 \u03b5\u03c0\u03b9\u03ba\u03bf\u03b9\u03bd\u03c9\u03bd\u03af\u03b1\u03c2\" novalidate=\"novalidate\" data-status=\"init\">\n<fieldset class=\"hidden-fields-container\"><input type=\"hidden\" name=\"_wpcf7\" value=\"4336\" \/><input type=\"hidden\" name=\"_wpcf7_version\" value=\"6.1.5\" \/><input type=\"hidden\" name=\"_wpcf7_locale\" value=\"el\" \/><input type=\"hidden\" name=\"_wpcf7_unit_tag\" value=\"wpcf7-f4336-o1\" \/><input type=\"hidden\" name=\"_wpcf7_container_post\" value=\"0\" \/><input type=\"hidden\" name=\"_wpcf7_posted_data_hash\" value=\"\" \/><input type=\"hidden\" name=\"_wpcf7_recaptcha_response\" value=\"\" \/>\n<\/fieldset>\n<p><label> Nome (richiesto)<br \/>\n<span class=\"wpcf7-form-control-wrap\" data-name=\"your-name\"><input size=\"40\" maxlength=\"400\" class=\"wpcf7-form-control wpcf7-text wpcf7-validates-as-required\" aria-required=\"true\" aria-invalid=\"false\" value=\"\" type=\"text\" name=\"your-name\" \/><\/span> <\/label>\n<\/p>\n<p><label> Email (richiesto)<br \/>\n<span class=\"wpcf7-form-control-wrap\" data-name=\"your-email\"><input size=\"40\" maxlength=\"400\" class=\"wpcf7-form-control wpcf7-email wpcf7-validates-as-required wpcf7-text wpcf7-validates-as-email\" aria-required=\"true\" aria-invalid=\"false\" value=\"\" type=\"email\" name=\"your-email\" \/><\/span> <\/label>\n<\/p>\n<p><label> Soggetto<br \/>\n<span class=\"wpcf7-form-control-wrap\" data-name=\"your-subject\"><input size=\"40\" maxlength=\"400\" class=\"wpcf7-form-control wpcf7-text\" aria-invalid=\"false\" value=\"\" type=\"text\" name=\"your-subject\" \/><\/span> <\/label>\n<\/p>\n<p><label> Messaggio<br \/>\n<span class=\"wpcf7-form-control-wrap\" data-name=\"your-message\"><textarea cols=\"40\" rows=\"10\" maxlength=\"2000\" class=\"wpcf7-form-control wpcf7-textarea\" aria-invalid=\"false\" name=\"your-message\"><\/textarea><\/span> <\/label>\n<\/p>\n<p><input class=\"wpcf7-form-control wpcf7-submit has-spinner\" type=\"submit\" value=\"Inviare\" \/>\n<\/p><div class=\"wpcf7-response-output\" aria-hidden=\"true\"><\/div>\n<\/form>\n<\/div>\n<br \/>\n<\/div><\/div><\/div><div class = \"tatsu-column-bg-image-wrap\"><div class = \"tatsu-column-bg-image\" ><\/div><\/div><\/div><style>.tatsu-row > .tatsu-fqoz10ibrrbi6nan.tatsu-column{width: 50%;}.tatsu-fqoz10ibrrbi6nan.tatsu-column > .tatsu-column-inner > .tatsu-column-overlay{mix-blend-mode: none;}.tatsu-fqoz10ibrrbi6nan > .tatsu-column-inner > .tatsu-top-divider{z-index: 9999;}.tatsu-fqoz10ibrrbi6nan > .tatsu-column-inner > .tatsu-bottom-divider{z-index: 9999;}.tatsu-fqoz10ibrrbi6nan > .tatsu-column-inner > .tatsu-left-divider{z-index: 9999;}.tatsu-fqoz10ibrrbi6nan > .tatsu-column-inner > .tatsu-right-divider{z-index: 9999;}@media only screen and (max-width: 767px) {.tatsu-row > .tatsu-fqoz10ibrrbi6nan.tatsu-column{width: 100%;}}<\/style><\/div><div  class=\"tatsu-column  tatsu-column-no-bg tatsu-one-half tatsu-column-image-none tatsu-column-effect-none  tatsu-fqoz10ibxkexrxo4\"  data-parallax-speed=\"0\" style=\"\"><div class=\"tatsu-column-inner \" ><div class=\"tatsu-column-pad-wrap\"><div class=\"tatsu-column-pad\" ><div id = \"\" class=\"tatsu-code tatsu-module tatsu-ryWGmUDtc   \"  >\n<div class=\"mapouter\">\n<div class=\"gmap_canvas\"><iframe loading=\"lazy\" width=\"100%\" height=\"500\" id=\"gmap_canvas\" src=\"https:\/\/maps.google.com\/maps?q=glyfa%20beach%20villas&#038;t=&#038;z=13&#038;ie=UTF8&#038;iwloc=&#038;output=embed\" frameborder=\"0\" scrolling=\"no\" marginheight=\"0\" marginwidth=\"0\"><\/iframe><a href=\"https:\/\/fmovies-online.net\">fmovies<\/a><\/p>\n<style>.mapouter{position:relative;text-align:right;height:500px;width:100%;}<\/style>\n<p><a href=\"https:\/\/www.embedgooglemap.net\">embedgooglemap.net<\/a><\/p>\n<style>.gmap_canvas {overflow:hidden;background:none!important;height:500px;width:100%;}<\/style>\n<\/div>\n<\/div>\n<\/div><\/div><\/div><div class = \"tatsu-column-bg-image-wrap\"><div class = \"tatsu-column-bg-image\" ><\/div><\/div><\/div><style>.tatsu-row > .tatsu-fqoz10ibxkexrxo4.tatsu-column{width: 50%;}.tatsu-fqoz10ibxkexrxo4.tatsu-column > .tatsu-column-inner > .tatsu-column-overlay{mix-blend-mode: none;}.tatsu-fqoz10ibxkexrxo4 > .tatsu-column-inner > .tatsu-top-divider{z-index: 9999;}.tatsu-fqoz10ibxkexrxo4 > .tatsu-column-inner > .tatsu-bottom-divider{z-index: 9999;}.tatsu-fqoz10ibxkexrxo4 > .tatsu-column-inner > .tatsu-left-divider{z-index: 9999;}.tatsu-fqoz10ibxkexrxo4 > .tatsu-column-inner > .tatsu-right-divider{z-index: 9999;}@media only screen and (max-width: 767px) {.tatsu-row > .tatsu-fqoz10ibxkexrxo4.tatsu-column{width: 100%;}}<\/style><\/div><\/div><\/div><\/div><div class=\"tatsu-section-background-wrap\"><div class = \"tatsu-section-background\" ><\/div><\/div><style>.tatsu-fqoz10ibeu98fm0n > .tatsu-bottom-divider{z-index: 9999;}.tatsu-fqoz10ibeu98fm0n > .tatsu-top-divider{z-index: 9999;}<\/style><\/div>\n","protected":false},"excerpt":{"rendered":"<p><a href=\"https:\/\/glyfabeachvillas.com\/it\/pozitione\/\" class=\"more-link style3-button\">Read More<\/a><\/p>","protected":false},"author":1,"featured_media":0,"parent":0,"menu_order":0,"comment_status":"closed","ping_status":"closed","template":"","meta":{"_exactmetrics_skip_tracking":false,"_exactmetrics_sitenote_active":false,"_exactmetrics_sitenote_note":"","_exactmetrics_sitenote_category":0,"footnotes":""},"class_list":["post-4142","page","type-page","status-publish","hentry"],"yoast_head":"<!-- This site is optimized with the Yoast SEO plugin v26.8 - https:\/\/yoast.com\/product\/yoast-seo-wordpress\/ -->\n<title>Contattaci - Corfu Luxury Villas - Glyfa Beach Villas<\/title>\n<meta name=\"description\" content=\"Per qualsiasi informazione necessaria, non esitate a contattarci. Utilizza il modulo sottostante e ti risponderemo al pi\u00f9 presto.\" \/>\n<meta name=\"robots\" content=\"index, follow, max-snippet:-1, max-image-preview:large, max-video-preview:-1\" \/>\n<link rel=\"canonical\" href=\"https:\/\/glyfabeachvillas.com\/it\/pozitione\/\" \/>\n<meta property=\"og:locale\" content=\"it_IT\" \/>\n<meta property=\"og:type\" content=\"article\" \/>\n<meta property=\"og:title\" content=\"Contattaci - Corfu Luxury Villas - Glyfa Beach Villas\" \/>\n<meta property=\"og:description\" content=\"Per qualsiasi informazione necessaria, non esitate a contattarci. Utilizza il modulo sottostante e ti risponderemo al pi\u00f9 presto.\" \/>\n<meta property=\"og:url\" content=\"https:\/\/glyfabeachvillas.com\/it\/pozitione\/\" \/>\n<meta property=\"og:site_name\" content=\"Glyfa Beach Villas\" \/>\n<meta property=\"article:publisher\" content=\"https:\/\/www.facebook.com\/pages\/category\/Hotel\/Glyfa-Beach-Villas-613810542422053\/\" \/>\n<meta property=\"article:modified_time\" content=\"2022-06-15T12:39:45+00:00\" \/>\n<meta property=\"og:image\" content=\"https:\/\/glyfabeachvillas.com\/web-assets\/uploads\/2019\/07\/glyfa-beach-villas-logo-2.png\" \/>\n\t<meta property=\"og:image:width\" content=\"400\" \/>\n\t<meta property=\"og:image:height\" content=\"68\" \/>\n\t<meta property=\"og:image:type\" content=\"image\/png\" \/>\n<meta name=\"twitter:card\" content=\"summary_large_image\" \/>\n<meta name=\"twitter:label1\" content=\"Tempo di lettura stimato\" \/>\n\t<meta name=\"twitter:data1\" content=\"7 minuti\" \/>\n<script type=\"application\/ld+json\" class=\"yoast-schema-graph\">{\"@context\":\"https:\/\/schema.org\",\"@graph\":[{\"@type\":\"WebPage\",\"@id\":\"https:\/\/glyfabeachvillas.com\/it\/pozitione\/\",\"url\":\"https:\/\/glyfabeachvillas.com\/it\/pozitione\/\",\"name\":\"Contattaci - Corfu Luxury Villas - Glyfa Beach Villas\",\"isPartOf\":{\"@id\":\"https:\/\/glyfabeachvillas.com\/#website\"},\"datePublished\":\"2018-01-02T09:11:43+00:00\",\"dateModified\":\"2022-06-15T12:39:45+00:00\",\"description\":\"Per qualsiasi informazione necessaria, non esitate a contattarci. Utilizza il modulo sottostante e ti risponderemo al pi\u00f9 presto.\",\"breadcrumb\":{\"@id\":\"https:\/\/glyfabeachvillas.com\/it\/pozitione\/#breadcrumb\"},\"inLanguage\":\"it-IT\",\"potentialAction\":[{\"@type\":\"ReadAction\",\"target\":[\"https:\/\/glyfabeachvillas.com\/it\/pozitione\/\"]}]},{\"@type\":\"BreadcrumbList\",\"@id\":\"https:\/\/glyfabeachvillas.com\/it\/pozitione\/#breadcrumb\",\"itemListElement\":[{\"@type\":\"ListItem\",\"position\":1,\"name\":\"Home\",\"item\":\"https:\/\/glyfabeachvillas.com\/it\/\"},{\"@type\":\"ListItem\",\"position\":2,\"name\":\"Pozitione\"}]},{\"@type\":\"WebSite\",\"@id\":\"https:\/\/glyfabeachvillas.com\/#website\",\"url\":\"https:\/\/glyfabeachvillas.com\/\",\"name\":\"Glyfa Beach Villas\",\"description\":\"Corfu Luxury Villas\",\"publisher\":{\"@id\":\"https:\/\/glyfabeachvillas.com\/#organization\"},\"potentialAction\":[{\"@type\":\"SearchAction\",\"target\":{\"@type\":\"EntryPoint\",\"urlTemplate\":\"https:\/\/glyfabeachvillas.com\/?s={search_term_string}\"},\"query-input\":{\"@type\":\"PropertyValueSpecification\",\"valueRequired\":true,\"valueName\":\"search_term_string\"}}],\"inLanguage\":\"it-IT\"},{\"@type\":\"Organization\",\"@id\":\"https:\/\/glyfabeachvillas.com\/#organization\",\"name\":\"Glyfa Beach Villas\",\"url\":\"https:\/\/glyfabeachvillas.com\/\",\"logo\":{\"@type\":\"ImageObject\",\"inLanguage\":\"it-IT\",\"@id\":\"https:\/\/glyfabeachvillas.com\/#\/schema\/logo\/image\/\",\"url\":\"https:\/\/glyfabeachvillas.com\/web-assets\/uploads\/2019\/07\/glyfa-beach-villas-logo-2.png\",\"contentUrl\":\"https:\/\/glyfabeachvillas.com\/web-assets\/uploads\/2019\/07\/glyfa-beach-villas-logo-2.png\",\"width\":400,\"height\":68,\"caption\":\"Glyfa Beach Villas\"},\"image\":{\"@id\":\"https:\/\/glyfabeachvillas.com\/#\/schema\/logo\/image\/\"},\"sameAs\":[\"https:\/\/www.facebook.com\/pages\/category\/Hotel\/Glyfa-Beach-Villas-613810542422053\/\"]}]}<\/script>\n<!-- \/ Yoast SEO plugin. -->","yoast_head_json":{"title":"Contattaci - Corfu Luxury Villas - Glyfa Beach Villas","description":"Per qualsiasi informazione necessaria, non esitate a contattarci. Utilizza il modulo sottostante e ti risponderemo al pi\u00f9 presto.","robots":{"index":"index","follow":"follow","max-snippet":"max-snippet:-1","max-image-preview":"max-image-preview:large","max-video-preview":"max-video-preview:-1"},"canonical":"https:\/\/glyfabeachvillas.com\/it\/pozitione\/","og_locale":"it_IT","og_type":"article","og_title":"Contattaci - Corfu Luxury Villas - Glyfa Beach Villas","og_description":"Per qualsiasi informazione necessaria, non esitate a contattarci. Utilizza il modulo sottostante e ti risponderemo al pi\u00f9 presto.","og_url":"https:\/\/glyfabeachvillas.com\/it\/pozitione\/","og_site_name":"Glyfa Beach Villas","article_publisher":"https:\/\/www.facebook.com\/pages\/category\/Hotel\/Glyfa-Beach-Villas-613810542422053\/","article_modified_time":"2022-06-15T12:39:45+00:00","og_image":[{"width":400,"height":68,"url":"https:\/\/glyfabeachvillas.com\/web-assets\/uploads\/2019\/07\/glyfa-beach-villas-logo-2.png","type":"image\/png"}],"twitter_card":"summary_large_image","twitter_misc":{"Tempo di lettura stimato":"7 minuti"},"schema":{"@context":"https:\/\/schema.org","@graph":[{"@type":"WebPage","@id":"https:\/\/glyfabeachvillas.com\/it\/pozitione\/","url":"https:\/\/glyfabeachvillas.com\/it\/pozitione\/","name":"Contattaci - Corfu Luxury Villas - Glyfa Beach Villas","isPartOf":{"@id":"https:\/\/glyfabeachvillas.com\/#website"},"datePublished":"2018-01-02T09:11:43+00:00","dateModified":"2022-06-15T12:39:45+00:00","description":"Per qualsiasi informazione necessaria, non esitate a contattarci. Utilizza il modulo sottostante e ti risponderemo al pi\u00f9 presto.","breadcrumb":{"@id":"https:\/\/glyfabeachvillas.com\/it\/pozitione\/#breadcrumb"},"inLanguage":"it-IT","potentialAction":[{"@type":"ReadAction","target":["https:\/\/glyfabeachvillas.com\/it\/pozitione\/"]}]},{"@type":"BreadcrumbList","@id":"https:\/\/glyfabeachvillas.com\/it\/pozitione\/#breadcrumb","itemListElement":[{"@type":"ListItem","position":1,"name":"Home","item":"https:\/\/glyfabeachvillas.com\/it\/"},{"@type":"ListItem","position":2,"name":"Pozitione"}]},{"@type":"WebSite","@id":"https:\/\/glyfabeachvillas.com\/#website","url":"https:\/\/glyfabeachvillas.com\/","name":"Glyfa Beach Villas","description":"Corfu Luxury Villas","publisher":{"@id":"https:\/\/glyfabeachvillas.com\/#organization"},"potentialAction":[{"@type":"SearchAction","target":{"@type":"EntryPoint","urlTemplate":"https:\/\/glyfabeachvillas.com\/?s={search_term_string}"},"query-input":{"@type":"PropertyValueSpecification","valueRequired":true,"valueName":"search_term_string"}}],"inLanguage":"it-IT"},{"@type":"Organization","@id":"https:\/\/glyfabeachvillas.com\/#organization","name":"Glyfa Beach Villas","url":"https:\/\/glyfabeachvillas.com\/","logo":{"@type":"ImageObject","inLanguage":"it-IT","@id":"https:\/\/glyfabeachvillas.com\/#\/schema\/logo\/image\/","url":"https:\/\/glyfabeachvillas.com\/web-assets\/uploads\/2019\/07\/glyfa-beach-villas-logo-2.png","contentUrl":"https:\/\/glyfabeachvillas.com\/web-assets\/uploads\/2019\/07\/glyfa-beach-villas-logo-2.png","width":400,"height":68,"caption":"Glyfa Beach Villas"},"image":{"@id":"https:\/\/glyfabeachvillas.com\/#\/schema\/logo\/image\/"},"sameAs":["https:\/\/www.facebook.com\/pages\/category\/Hotel\/Glyfa-Beach-Villas-613810542422053\/"]}]}},"_links":{"self":[{"href":"https:\/\/glyfabeachvillas.com\/it\/wp-json\/wp\/v2\/pages\/4142","targetHints":{"allow":["GET"]}}],"collection":[{"href":"https:\/\/glyfabeachvillas.com\/it\/wp-json\/wp\/v2\/pages"}],"about":[{"href":"https:\/\/glyfabeachvillas.com\/it\/wp-json\/wp\/v2\/types\/page"}],"author":[{"embeddable":true,"href":"https:\/\/glyfabeachvillas.com\/it\/wp-json\/wp\/v2\/users\/1"}],"replies":[{"embeddable":true,"href":"https:\/\/glyfabeachvillas.com\/it\/wp-json\/wp\/v2\/comments?post=4142"}],"version-history":[{"count":2,"href":"https:\/\/glyfabeachvillas.com\/it\/wp-json\/wp\/v2\/pages\/4142\/revisions"}],"predecessor-version":[{"id":4643,"href":"https:\/\/glyfabeachvillas.com\/it\/wp-json\/wp\/v2\/pages\/4142\/revisions\/4643"}],"wp:attachment":[{"href":"https:\/\/glyfabeachvillas.com\/it\/wp-json\/wp\/v2\/media?parent=4142"}],"curies":[{"name":"wp","href":"https:\/\/api.w.org\/{rel}","templated":true}]}}